{"id":87,"date":"2022-04-08T21:14:18","date_gmt":"2022-04-08T19:14:18","guid":{"rendered":"https:\/\/www.plotterkurs.de\/?page_id=87"},"modified":"2022-04-08T21:14:18","modified_gmt":"2022-04-08T19:14:18","slug":"kontakt","status":"publish","type":"page","link":"https:\/\/www.plotterkurs.de\/index.php\/kontakt\/","title":{"rendered":"Kontakt"},"content":{"rendered":"\n<p>Hier kannst Du Deinen Wunschtermin f\u00fcr Deinen Plotterkurs anfragen. Ich melde mich so schnell wie m\u00f6glich bei Dir. In dringenden F\u00e4llen oder bei weiteren Fragen kannst Du mich auch gerne unter der Nummer 0173 &#8211; 86 34 761 anrufen.<\/p>\n\n\n\n<div class=\"wp-block-contact-form-7-contact-form-selector\">\n<div class=\"wpcf7 no-js\" id=\"wpcf7-f84-o1\" lang=\"de-DE\" dir=\"ltr\" data-wpcf7-id=\"84\">\n<div class=\"screen-reader-response\"><p role=\"status\" aria-live=\"polite\" aria-atomic=\"true\"><\/p> <ul><\/ul><\/div>\n<form action=\"\/index.php\/wp-json\/wp\/v2\/pages\/87#wpcf7-f84-o1\" method=\"post\" class=\"wpcf7-form init\" aria-label=\"Kontaktformular\" novalidate=\"novalidate\" data-status=\"init\">\n<fieldset class=\"hidden-fields-container\"><input type=\"hidden\" name=\"_wpcf7\" value=\"84\" \/><input type=\"hidden\" name=\"_wpcf7_version\" value=\"6.1.4\" \/><input type=\"hidden\" name=\"_wpcf7_locale\" value=\"de_DE\" \/><input type=\"hidden\" name=\"_wpcf7_unit_tag\" value=\"wpcf7-f84-o1\" \/><input type=\"hidden\" name=\"_wpcf7_container_post\" value=\"0\" \/><input type=\"hidden\" name=\"_wpcf7_posted_data_hash\" value=\"\" \/>\n<\/fieldset>\n<p><label> Dein Name<br \/>\n<span class=\"wpcf7-form-control-wrap\" data-name=\"your-name\"><input size=\"40\" maxlength=\"400\" class=\"wpcf7-form-control wpcf7-text wpcf7-validates-as-required\" aria-required=\"true\" aria-invalid=\"false\" value=\"\" type=\"text\" name=\"your-name\" \/><\/span> <\/label>\n<\/p>\n<p><label> Deine E-Mail-Adresse<br \/>\n<span class=\"wpcf7-form-control-wrap\" data-name=\"your-email\"><input size=\"40\" maxlength=\"400\" class=\"wpcf7-form-control wpcf7-email wpcf7-validates-as-required wpcf7-text wpcf7-validates-as-email\" aria-required=\"true\" aria-invalid=\"false\" value=\"\" type=\"email\" name=\"your-email\" \/><\/span> <\/label>\n<\/p>\n<p><label> Betreff<br \/>\n<span class=\"wpcf7-form-control-wrap\" data-name=\"your-subject\"><input size=\"40\" maxlength=\"400\" class=\"wpcf7-form-control wpcf7-text wpcf7-validates-as-required\" aria-required=\"true\" aria-invalid=\"false\" value=\"\" type=\"text\" name=\"your-subject\" \/><\/span> <\/label>\n<\/p>\n<p><label> Deine Nachricht (optional)<br \/>\n<span class=\"wpcf7-form-control-wrap\" data-name=\"your-message\"><textarea cols=\"40\" rows=\"10\" maxlength=\"2000\" class=\"wpcf7-form-control wpcf7-textarea\" aria-invalid=\"false\" name=\"your-message\"><\/textarea><\/span> <\/label>\n<\/p>\n<p><span class=\"wpcf7-form-control-wrap\" data-name=\"checkbox-496\"><span class=\"wpcf7-form-control wpcf7-checkbox wpcf7-validates-as-required\"><span class=\"wpcf7-list-item first last\"><input type=\"checkbox\" name=\"checkbox-496[]\" value=\"Ich habe die Hinweise zum Datenschutz gelesen und erkl\u00e4re mich damit einverstanden, dass meine personenbezogenen Daten im Sinne des Bundesdatenschutzgesetzes ausschliesslich zur Bearbeitung und Beantwortung meiner Anfrage erhoben, \u00fcbermittelt, verarbeitet und genutzt werden d\u00fcrfen*\" \/><span class=\"wpcf7-list-item-label\">Ich habe die Hinweise zum Datenschutz gelesen und erkl\u00e4re mich damit einverstanden, dass meine personenbezogenen Daten im Sinne des Bundesdatenschutzgesetzes ausschliesslich zur Bearbeitung und Beantwortung meiner Anfrage erhoben, \u00fcbermittelt, verarbeitet und genutzt werden d\u00fcrfen*<\/span><\/span><\/span><\/span>\n<\/p>\n<p><input class=\"wpcf7-form-control wpcf7-submit has-spinner\" type=\"submit\" value=\"Senden\" \/>\n<\/p><div class=\"wpcf7-response-output\" aria-hidden=\"true\"><\/div>\n<\/form>\n<\/div>\n<\/div>\n\n\n\n<p><a href=\"https:\/\/www.leabella.de\/datenschutzerordnung\/\" target=\"_blank\" rel=\"noreferrer noopener\">Datenschutzbestimmung<\/a><\/p>\n","protected":false},"excerpt":{"rendered":"<p>Hier kannst Du Deinen Wunschtermin f\u00fcr Deinen Plotterkurs anfragen. Ich melde mich so schnell wie m\u00f6glich bei Dir. In dringenden F\u00e4llen oder bei weiteren Fragen kannst Du mich auch gerne unter der Nummer 0173 &#8211; 86 34 761 anrufen. Datenschutzbestimmung<\/p>\n","protected":false},"author":1,"featured_media":0,"parent":0,"menu_order":0,"comment_status":"closed","ping_status":"closed","template":"","meta":{"footnotes":""},"class_list":["post-87","page","type-page","status-publish","hentry"],"yoast_head":"<!-- This site is optimized with the Yoast SEO plugin v26.8 - https:\/\/yoast.com\/product\/yoast-seo-wordpress\/ -->\n<title>Kontakt - plotterkurs.de<\/title>\n<meta name=\"robots\" content=\"index, follow, max-snippet:-1, max-image-preview:large, max-video-preview:-1\" \/>\n<link rel=\"canonical\" href=\"https:\/\/www.plotterkurs.de\/index.php\/kontakt\/\" \/>\n<meta property=\"og:locale\" content=\"de_DE\" \/>\n<meta property=\"og:type\" content=\"article\" \/>\n<meta property=\"og:title\" content=\"Kontakt - plotterkurs.de\" \/>\n<meta property=\"og:description\" content=\"Hier kannst Du Deinen Wunschtermin f\u00fcr Deinen Plotterkurs anfragen. Ich melde mich so schnell wie m\u00f6glich bei Dir. In dringenden F\u00e4llen oder bei weiteren Fragen kannst Du mich auch gerne unter der Nummer 0173 &#8211; 86 34 761 anrufen. Datenschutzbestimmung\" \/>\n<meta property=\"og:url\" content=\"https:\/\/www.plotterkurs.de\/index.php\/kontakt\/\" \/>\n<meta property=\"og:site_name\" content=\"plotterkurs.de\" \/>\n<meta property=\"article:publisher\" content=\"https:\/\/www.facebook.com\/LeaBella.dehandgemachtinBielefeld\" \/>\n<meta name=\"twitter:card\" content=\"summary_large_image\" \/>\n<script type=\"application\/ld+json\" class=\"yoast-schema-graph\">{\"@context\":\"https:\/\/schema.org\",\"@graph\":[{\"@type\":\"WebPage\",\"@id\":\"https:\/\/www.plotterkurs.de\/index.php\/kontakt\/\",\"url\":\"https:\/\/www.plotterkurs.de\/index.php\/kontakt\/\",\"name\":\"Kontakt - plotterkurs.de\",\"isPartOf\":{\"@id\":\"https:\/\/www.plotterkurs.de\/#website\"},\"datePublished\":\"2022-04-08T19:14:18+00:00\",\"breadcrumb\":{\"@id\":\"https:\/\/www.plotterkurs.de\/index.php\/kontakt\/#breadcrumb\"},\"inLanguage\":\"de\",\"potentialAction\":[{\"@type\":\"ReadAction\",\"target\":[\"https:\/\/www.plotterkurs.de\/index.php\/kontakt\/\"]}]},{\"@type\":\"BreadcrumbList\",\"@id\":\"https:\/\/www.plotterkurs.de\/index.php\/kontakt\/#breadcrumb\",\"itemListElement\":[{\"@type\":\"ListItem\",\"position\":1,\"name\":\"Startseite\",\"item\":\"https:\/\/www.plotterkurs.de\/\"},{\"@type\":\"ListItem\",\"position\":2,\"name\":\"Kontakt\"}]},{\"@type\":\"WebSite\",\"@id\":\"https:\/\/www.plotterkurs.de\/#website\",\"url\":\"https:\/\/www.plotterkurs.de\/\",\"name\":\"plotterkurs.de\",\"description\":\"in Bielefeld\",\"publisher\":{\"@id\":\"https:\/\/www.plotterkurs.de\/#\/schema\/person\/235bef35d1c896507813a55f2ab9344d\"},\"potentialAction\":[{\"@type\":\"SearchAction\",\"target\":{\"@type\":\"EntryPoint\",\"urlTemplate\":\"https:\/\/www.plotterkurs.de\/?s={search_term_string}\"},\"query-input\":{\"@type\":\"PropertyValueSpecification\",\"valueRequired\":true,\"valueName\":\"search_term_string\"}}],\"inLanguage\":\"de\"},{\"@type\":[\"Person\",\"Organization\"],\"@id\":\"https:\/\/www.plotterkurs.de\/#\/schema\/person\/235bef35d1c896507813a55f2ab9344d\",\"name\":\"admin\",\"image\":{\"@type\":\"ImageObject\",\"inLanguage\":\"de\",\"@id\":\"https:\/\/www.plotterkurs.de\/#\/schema\/person\/image\/\",\"url\":\"https:\/\/www.plotterkurs.de\/wp-content\/uploads\/2022\/10\/LeaBellaUsedGrau.png\",\"contentUrl\":\"https:\/\/www.plotterkurs.de\/wp-content\/uploads\/2022\/10\/LeaBellaUsedGrau.png\",\"width\":4096,\"height\":4096,\"caption\":\"admin\"},\"logo\":{\"@id\":\"https:\/\/www.plotterkurs.de\/#\/schema\/person\/image\/\"},\"sameAs\":[\"https:\/\/www.plotterkurs.de\",\"https:\/\/www.facebook.com\/LeaBella.dehandgemachtinBielefeld\",\"https:\/\/pin.it\/7nCWJgf\"]}]}<\/script>\n<!-- \/ Yoast SEO plugin. -->","yoast_head_json":{"title":"Kontakt - plotterkurs.de","robots":{"index":"index","follow":"follow","max-snippet":"max-snippet:-1","max-image-preview":"max-image-preview:large","max-video-preview":"max-video-preview:-1"},"canonical":"https:\/\/www.plotterkurs.de\/index.php\/kontakt\/","og_locale":"de_DE","og_type":"article","og_title":"Kontakt - plotterkurs.de","og_description":"Hier kannst Du Deinen Wunschtermin f\u00fcr Deinen Plotterkurs anfragen. Ich melde mich so schnell wie m\u00f6glich bei Dir. In dringenden F\u00e4llen oder bei weiteren Fragen kannst Du mich auch gerne unter der Nummer 0173 &#8211; 86 34 761 anrufen. Datenschutzbestimmung","og_url":"https:\/\/www.plotterkurs.de\/index.php\/kontakt\/","og_site_name":"plotterkurs.de","article_publisher":"https:\/\/www.facebook.com\/LeaBella.dehandgemachtinBielefeld","twitter_card":"summary_large_image","schema":{"@context":"https:\/\/schema.org","@graph":[{"@type":"WebPage","@id":"https:\/\/www.plotterkurs.de\/index.php\/kontakt\/","url":"https:\/\/www.plotterkurs.de\/index.php\/kontakt\/","name":"Kontakt - plotterkurs.de","isPartOf":{"@id":"https:\/\/www.plotterkurs.de\/#website"},"datePublished":"2022-04-08T19:14:18+00:00","breadcrumb":{"@id":"https:\/\/www.plotterkurs.de\/index.php\/kontakt\/#breadcrumb"},"inLanguage":"de","potentialAction":[{"@type":"ReadAction","target":["https:\/\/www.plotterkurs.de\/index.php\/kontakt\/"]}]},{"@type":"BreadcrumbList","@id":"https:\/\/www.plotterkurs.de\/index.php\/kontakt\/#breadcrumb","itemListElement":[{"@type":"ListItem","position":1,"name":"Startseite","item":"https:\/\/www.plotterkurs.de\/"},{"@type":"ListItem","position":2,"name":"Kontakt"}]},{"@type":"WebSite","@id":"https:\/\/www.plotterkurs.de\/#website","url":"https:\/\/www.plotterkurs.de\/","name":"plotterkurs.de","description":"in Bielefeld","publisher":{"@id":"https:\/\/www.plotterkurs.de\/#\/schema\/person\/235bef35d1c896507813a55f2ab9344d"},"potentialAction":[{"@type":"SearchAction","target":{"@type":"EntryPoint","urlTemplate":"https:\/\/www.plotterkurs.de\/?s={search_term_string}"},"query-input":{"@type":"PropertyValueSpecification","valueRequired":true,"valueName":"search_term_string"}}],"inLanguage":"de"},{"@type":["Person","Organization"],"@id":"https:\/\/www.plotterkurs.de\/#\/schema\/person\/235bef35d1c896507813a55f2ab9344d","name":"admin","image":{"@type":"ImageObject","inLanguage":"de","@id":"https:\/\/www.plotterkurs.de\/#\/schema\/person\/image\/","url":"https:\/\/www.plotterkurs.de\/wp-content\/uploads\/2022\/10\/LeaBellaUsedGrau.png","contentUrl":"https:\/\/www.plotterkurs.de\/wp-content\/uploads\/2022\/10\/LeaBellaUsedGrau.png","width":4096,"height":4096,"caption":"admin"},"logo":{"@id":"https:\/\/www.plotterkurs.de\/#\/schema\/person\/image\/"},"sameAs":["https:\/\/www.plotterkurs.de","https:\/\/www.facebook.com\/LeaBella.dehandgemachtinBielefeld","https:\/\/pin.it\/7nCWJgf"]}]}},"acf":[],"jetpack-related-posts":[],"jetpack_sharing_enabled":true,"_links":{"self":[{"href":"https:\/\/www.plotterkurs.de\/index.php\/wp-json\/wp\/v2\/pages\/87","targetHints":{"allow":["GET"]}}],"collection":[{"href":"https:\/\/www.plotterkurs.de\/index.php\/wp-json\/wp\/v2\/pages"}],"about":[{"href":"https:\/\/www.plotterkurs.de\/index.php\/wp-json\/wp\/v2\/types\/page"}],"author":[{"embeddable":true,"href":"https:\/\/www.plotterkurs.de\/index.php\/wp-json\/wp\/v2\/users\/1"}],"replies":[{"embeddable":true,"href":"https:\/\/www.plotterkurs.de\/index.php\/wp-json\/wp\/v2\/comments?post=87"}],"version-history":[{"count":1,"href":"https:\/\/www.plotterkurs.de\/index.php\/wp-json\/wp\/v2\/pages\/87\/revisions"}],"predecessor-version":[{"id":89,"href":"https:\/\/www.plotterkurs.de\/index.php\/wp-json\/wp\/v2\/pages\/87\/revisions\/89"}],"wp:attachment":[{"href":"https:\/\/www.plotterkurs.de\/index.php\/wp-json\/wp\/v2\/media?parent=87"}],"curies":[{"name":"wp","href":"https:\/\/api.w.org\/{rel}","templated":true}]}}